{"id":27966,"date":"2022-12-13T17:46:44","date_gmt":"2022-12-13T17:46:44","guid":{"rendered":"https:\/\/recordmacchine.com\/contatti\/"},"modified":"2023-07-04T10:15:10","modified_gmt":"2023-07-04T10:15:10","slug":"contatti","status":"publish","type":"page","link":"https:\/\/recordmacchine.com\/de\/contatti\/","title":{"rendered":"KONTAKT"},"content":{"rendered":"<p>[et_pb_section fb_built=&#8220;1&#8243; admin_label=&#8220;Contact Section&#8220; _builder_version=&#8220;4.17.6&#8243; background_color=&#8220;rgba(255,255,255,0.56)&#8220; background_image=&#8220;http:\/\/recordmacchine.com\/sito\/wp-content\/uploads\/2023\/01\/scratched-aluminum-texture-background-scaled.jpg&#8220; background_blend=&#8220;screen&#8220; custom_padding=&#8220;90px||90px|&#8220; global_colors_info=&#8220;{}&#8220;][et_pb_row column_structure=&#8220;1_2,1_2&#8243; admin_label=&#8220;Contact Area&#8220; module_class=&#8220; et_pb_row_fullwidth&#8220; _builder_version=&#8220;4.16&#8243; background_size=&#8220;initial&#8220; background_position=&#8220;top_left&#8220; background_repeat=&#8220;repeat&#8220; width=&#8220;89%&#8220; width_tablet=&#8220;80%&#8220; width_phone=&#8220;80%&#8220; width_last_edited=&#8220;on|desktop&#8220; max_width=&#8220;89%&#8220; max_width_tablet=&#8220;80%&#8220; max_width_phone=&#8220;80%&#8220; max_width_last_edited=&#8220;on|desktop&#8220; custom_margin=&#8220;|||&#8220; custom_padding=&#8220;27px|0px|27px|0px&#8220; make_fullwidth=&#8220;on&#8220; global_colors_info=&#8220;{}&#8220;][et_pb_column type=&#8220;1_2&#8243; _builder_version=&#8220;4.16&#8243; custom_padding=&#8220;50px|5%|50px|10%&#8220; global_colors_info=&#8220;{}&#8220; custom_padding__hover=&#8220;|||&#8220;][et_pb_text admin_label=&#8220;Hero Section Title&#8220; _builder_version=&#8220;4.21.0&#8243; text_font=&#8220;Montserrat||||||||&#8220; text_font_size=&#8220;18px&#8220; text_line_height=&#8220;1.8em&#8220; header_font=&#8220;Montserrat|600||on|||||&#8220; header_font_size=&#8220;48px&#8220; header_letter_spacing=&#8220;3px&#8220; header_line_height=&#8220;1.3em&#8220; header_2_font=&#8220;Montserrat|700|||||||&#8220; header_2_text_color=&#8220;rgba(255,255,255,0.6)&#8220; header_2_font_size=&#8220;90px&#8220; header_2_letter_spacing=&#8220;3px&#8220; header_2_line_height=&#8220;1.1em&#8220; max_width=&#8220;700px&#8220; module_alignment=&#8220;left&#8220; custom_margin=&#8220;|||&#8220; animation_style=&#8220;fade&#8220; animation_direction=&#8220;bottom&#8220; animation_starting_opacity=&#8220;100%&#8220; header_font_size_tablet=&#8220;&#8220; header_font_size_phone=&#8220;28px&#8220; header_font_size_last_edited=&#8220;on|phone&#8220; header_2_font_size_tablet=&#8220;&#8220; header_2_font_size_phone=&#8220;50px&#8220; header_2_font_size_last_edited=&#8220;on|phone&#8220; global_colors_info=&#8220;{}&#8220;]<\/p>\n<h1>KONTAKT<\/h1>\n<h1>\u200b<\/h1>\n<p>[\/et_pb_text][et_pb_blurb title=&#8220;Wo wir sind&#8220; use_icon=&#8220;on&#8220; font_icon=&#8220;&#xe081;||divi||400&#8243; icon_color=&#8220;#2a2a2a&#8220; icon_placement=&#8220;left&#8220; image_icon_width=&#8220;20px&#8220; content_max_width=&#8220;1100px&#8220; _builder_version=&#8220;4.21.0&#8243; header_font=&#8220;Montserrat|600|||||||&#8220; header_font_size=&#8220;20px&#8220; body_font=&#8220;||||||||&#8220; body_text_color=&#8220;#262626&#8243; body_font_size=&#8220;16px&#8220; body_line_height=&#8220;1.8em&#8220; animation_style=&#8220;fold&#8220; animation_direction=&#8220;left&#8220; animation_intensity_fold=&#8220;20%&#8220; animation_starting_opacity=&#8220;100%&#8220; icon_font_size=&#8220;20px&#8220; global_colors_info=&#8220;{}&#8220;]<\/p>\n<p>21014 &#8211; Laveno Mombello (VA)<br \/>Stra\u00dfe Cittiglio, 4<\/p>\n<p>[\/et_pb_blurb][et_pb_blurb title=&#8220;Telefon&#8220; use_icon=&#8220;on&#8220; font_icon=&#8220;&#xe090;||divi||400&#8243; icon_color=&#8220;#2a2a2a&#8220; icon_placement=&#8220;left&#8220; image_icon_width=&#8220;20px&#8220; content_max_width=&#8220;1100px&#8220; _builder_version=&#8220;4.21.0&#8243; header_font=&#8220;Montserrat|600|||||||&#8220; header_font_size=&#8220;20px&#8220; body_font=&#8220;||||||||&#8220; body_text_color=&#8220;#262626&#8243; body_font_size=&#8220;16px&#8220; body_line_height=&#8220;1.8em&#8220; animation_style=&#8220;fold&#8220; animation_direction=&#8220;left&#8220; animation_intensity_fold=&#8220;20%&#8220; animation_starting_opacity=&#8220;100%&#8220; icon_font_size=&#8220;20px&#8220; global_colors_info=&#8220;{}&#8220;]<\/p>\n<p>0332 1540514<\/p>\n<p>[\/et_pb_blurb][et_pb_blurb title=&#8220;Email&#8220; use_icon=&#8220;on&#8220; font_icon=&#8220;&#xe076;||divi||400&#8243; icon_color=&#8220;#2a2a2a&#8220; icon_placement=&#8220;left&#8220; image_icon_width=&#8220;20px&#8220; content_max_width=&#8220;1100px&#8220; _builder_version=&#8220;4.21.0&#8243; header_font=&#8220;Montserrat|600|||||||&#8220; header_font_size=&#8220;20px&#8220; body_font=&#8220;||||||||&#8220; body_text_color=&#8220;#262626&#8243; body_font_size=&#8220;16px&#8220; body_line_height=&#8220;1.8em&#8220; body_link_text_color=&#8220;#262626&#8243; animation_style=&#8220;fold&#8220; animation_direction=&#8220;left&#8220; animation_intensity_fold=&#8220;20%&#8220; animation_starting_opacity=&#8220;100%&#8220; icon_font_size=&#8220;20px&#8220; global_colors_info=&#8220;{}&#8220; body_link_text_color__hover_enabled=&#8220;on|desktop&#8220; body_link_text_color__hover=&#8220;#000000&#8243;]<\/p>\n<p><a href=\"mailto:info@recordmacchine.com\">info@recordmacchine.com<\/a><\/p>\n<p>PEC: <a href=\"mailto:recordmacchineutensili@legalmail.it\"><span style=\"font-weight: 400;\">recordmacchineutensili@legalmail.it<\/span><\/a><\/p>\n<p>[\/et_pb_blurb][\/et_pb_column][et_pb_column type=&#8220;1_2&#8243; _builder_version=&#8220;4.16&#8243; custom_padding=&#8220;|||&#8220; global_colors_info=&#8220;{}&#8220; custom_padding__hover=&#8220;|||&#8220;][et_pb_image src=&#8220;https:\/\/recordmacchine.com\/sito\/wp-content\/uploads\/2022\/12\/dc0b0d3a076aa5a36b2982728649638c.jpg&#8220; title_text=&#8220;dc0b0d3a076aa5a36b2982728649638c&#8220; force_fullwidth=&#8220;on&#8220; align_tablet=&#8220;center&#8220; align_phone=&#8220;center&#8220; align_last_edited=&#8220;on|desktop&#8220; _builder_version=&#8220;4.17.6&#8243; animation_style=&#8220;slide&#8220; animation_direction=&#8220;right&#8220; animation_intensity_slide=&#8220;20%&#8220; animation_starting_opacity=&#8220;100%&#8220; global_colors_info=&#8220;{}&#8220;][\/et_pb_image][\/et_pb_column][\/et_pb_row][\/et_pb_section][et_pb_section fb_built=&#8220;1&#8243; admin_label=&#8220;Contact Form Section&#8220; _builder_version=&#8220;4.16&#8243; custom_padding=&#8220;90px||90px|&#8220; global_colors_info=&#8220;{}&#8220;][et_pb_row admin_label=&#8220;Section Title&#8220; _builder_version=&#8220;4.16&#8243; custom_margin=&#8220;|||&#8220; custom_padding=&#8220;||0px|&#8220; use_custom_width=&#8220;on&#8220; global_colors_info=&#8220;{}&#8220;][et_pb_column type=&#8220;4_4&#8243; _builder_version=&#8220;4.16&#8243; custom_padding=&#8220;|||&#8220; global_colors_info=&#8220;{}&#8220; custom_padding__hover=&#8220;|||&#8220;][et_pb_text admin_label=&#8220;Title&#8220; _builder_version=&#8220;4.21.0&#8243; text_font=&#8220;||||||||&#8220; header_font=&#8220;||||||||&#8220; header_2_font=&#8220;Montserrat|600||on|||||&#8220; header_2_text_align=&#8220;center&#8220; header_2_font_size=&#8220;30px&#8220; header_2_line_height=&#8220;1.5em&#8220; text_orientation=&#8220;center&#8220; custom_margin=&#8220;||5px|&#8220; animation_style=&#8220;slide&#8220; animation_direction=&#8220;top&#8220; animation_intensity_slide=&#8220;20%&#8220; animation_starting_opacity=&#8220;100%&#8220; global_colors_info=&#8220;{}&#8220;]<\/p>\n<h2>F\u00dcLLEN SIE DAS NACHSTEHENDE FORMULAR AUS UND EINER UNSERER BERATER WIRD SICH SO BALD WIE M\u00d6GLICH MIT IHNEN IN VERBINDUNG SETZEN<\/h2>\n<h2>\u200b<\/h2>\n<p>[\/et_pb_text][et_pb_divider color=&#8220;#e02b20&#8243; divider_weight=&#8220;3px&#8220; _builder_version=&#8220;4.21.0&#8243; max_width=&#8220;23px&#8220; module_alignment=&#8220;center&#8220; animation_style=&#8220;slide&#8220; animation_direction=&#8220;top&#8220; animation_intensity_slide=&#8220;20%&#8220; animation_starting_opacity=&#8220;100%&#8220; global_colors_info=&#8220;{}&#8220;][\/et_pb_divider][\/et_pb_column][\/et_pb_row][et_pb_row admin_label=&#8220;Contact Form Area&#8220; _builder_version=&#8220;4.16&#8243; global_colors_info=&#8220;{}&#8220;][et_pb_column type=&#8220;4_4&#8243; _builder_version=&#8220;4.16&#8243; custom_padding=&#8220;|||&#8220; global_colors_info=&#8220;{}&#8220; custom_padding__hover=&#8220;|||&#8220;][et_pb_code _builder_version=&#8220;4.21.0&#8243; _module_preset=&#8220;default&#8220; hover_enabled=&#8220;0&#8243; global_colors_info=&#8220;{}&#8220; sticky_enabled=&#8220;0&#8243;]\n<div class=\"wpcf7 no-js\" id=\"wpcf7-f27973-o1\" lang=\"de-DE\" dir=\"ltr\">\n<div class=\"screen-reader-response\"><p role=\"status\" aria-live=\"polite\" aria-atomic=\"true\"><\/p> <ul><\/ul><\/div>\n<form action=\"\/de\/wp-json\/wp\/v2\/pages\/27966#wpcf7-f27973-o1\" method=\"post\" class=\"wpcf7-form init\" aria-label=\"Kontaktformular\" novalidate=\"novalidate\" data-status=\"init\">\n<div style=\"display: none;\">\n<input type=\"hidden\" name=\"_wpcf7\" value=\"27973\" \/>\n<input type=\"hidden\" name=\"_wpcf7_version\" value=\"5.8.6\" \/>\n<input type=\"hidden\" name=\"_wpcf7_locale\" value=\"de_DE\" \/>\n<input type=\"hidden\" name=\"_wpcf7_unit_tag\" value=\"wpcf7-f27973-o1\" \/>\n<input type=\"hidden\" name=\"_wpcf7_container_post\" value=\"0\" \/>\n<input type=\"hidden\" name=\"_wpcf7_posted_data_hash\" value=\"\" \/>\n<input type=\"hidden\" name=\"_wpcf7_recaptcha_response\" value=\"\" \/>\n<\/div>\n<table style=\"border:0px;\">\n\t<tr>\n\t\t<td style=\"border:0px; padding:5px 10px\">\n\t\t\t<p><span class=\"wpcf7-form-control-wrap\" data-name=\"NomeCognome\"><input size=\"40\" class=\"wpcf7-form-control wpcf7-text wpcf7-validates-as-required\" aria-required=\"true\" aria-invalid=\"false\" placeholder=\"VORNAME UND NACHNAME\" value=\"\" type=\"text\" name=\"NomeCognome\" \/><\/span>\n\t\t\t<\/p>\n\t\t<\/td>\n\t\t<td style=\"border:0px; padding:5px 10px\">\n\t\t\t<p><span class=\"wpcf7-form-control-wrap\" data-name=\"Azienda\"><input size=\"40\" class=\"wpcf7-form-control wpcf7-text wpcf7-validates-as-required\" aria-required=\"true\" aria-invalid=\"false\" placeholder=\"AZENDA\" value=\"\" type=\"text\" name=\"Azienda\" \/><\/span>\n\t\t\t<\/p>\n\t\t<\/td>\n\t<\/tr>\n\t<tr>\n\t\t<td style=\"border:0px; padding:5px 10px\">\n\t\t\t<p><span class=\"wpcf7-form-control-wrap\" data-name=\"email\"><input size=\"40\" class=\"wpcf7-form-control wpcf7-email wpcf7-validates-as-required wpcf7-text wpcf7-validates-as-email\" aria-required=\"true\" aria-invalid=\"false\" placeholder=\"EMAIL\" value=\"\" type=\"email\" name=\"email\" \/><\/span>\n\t\t\t<\/p>\n\t\t<\/td>\n\t<\/tr>\n\t<tr>\n\t<\/tr>\n<\/table>\n<table>\n\t<td style=\"border:0px; padding:5px 10px\">\n\t\t<p><span style=\"color:#2a3a58; font-family: \"Montserrat\", sans-serif; font-weight: 600; font-size:13px\">ICH BIN INTERESSIERT AN: <\/span><span class=\"wpcf7-form-control-wrap\" data-name=\"Interesse\"><select class=\"wpcf7-form-control wpcf7-select\" aria-invalid=\"false\" multiple=\"multiple\" name=\"Interesse[]\"><option value=\"\">&#8211; Bitte ausw\u00e4hlen &#8211;<\/option><option value=\"GEWINDESCHNEIDMASCHINEN\">GEWINDESCHNEIDMASCHINEN<\/option><option value=\"TRANSFER\">TRANSFER<\/option><option value=\"SPEZIALMASCHINEN\">SPEZIALMASCHINEN<\/option><option value=\"FILTERDECKELMASCHINEN\">FILTERDECKELMASCHINEN<\/option><option value=\"H\u00dcLSEN UND ROHRE\">H\u00dcLSEN UND ROHRE<\/option><option value=\"BEDIENEINHEITEN\">BEDIENEINHEITEN<\/option><\/select><\/span>\n\t\t<\/p>\n\t<\/td>\n<\/table>\n<table width=\"100%\" style=\"border:0px;\">\n\t<tr>\n\t\t<td style=\"border:0px; padding:5px 10px\">\n\t\t\t<p><span class=\"wpcf7-form-control-wrap\" data-name=\"richiesta\"><textarea cols=\"40\" rows=\"10\" class=\"wpcf7-form-control wpcf7-textarea wpcf7-validates-as-required\" aria-required=\"true\" aria-invalid=\"false\" placeholder=\"ANFRAGE\" name=\"richiesta\"><\/textarea><\/span>\n\t\t\t<\/p>\n\t\t<\/td>\n\t<\/tr>\n<\/table>\n<table style=\"border:0px;\">\n\t<tr>\n\t\t<td style=\"border:0px;padding-right:0px;padding-left:0px\">\n\t\t\t<p><span class=\"wpcf7-form-control-wrap\" data-name=\"acceptance-privacy\"><span class=\"wpcf7-form-control wpcf7-acceptance\"><span class=\"wpcf7-list-item\"><input type=\"checkbox\" name=\"acceptance-privacy\" value=\"1\" aria-invalid=\"false\" \/><\/span><\/span><\/span>\n\t\t\t<\/p>\n\t\t<\/td>\n\t\t<td style=\"border:0px;padding-left:0px\">\n\t\t\t<p><span style=\"color:#2a3a58; font-family: \"Montserrat\", sans-serif; font-weight: 600; font-size:13px\">ICH ERKL\u00c4RE, DASS ICH DIE <a href=\"https:\/\/www.iubenda.com\/privacy-policy\/46168873\" target=\"_blank\" rel=\"noopener\">DATENSCHUTZBESTIMMUNGEN <\/a><\/span>GELESEN HABE\n\t\t\t<\/p>\n\t\t<\/td>\n\t<\/tr>\n<\/table>\n<table style=\"border:0px;\">\n\t<tr>\n\t\t<td style=\"border:0px;padding:15px 10px\">\n\t\t\t<p><input class=\"wpcf7-form-control wpcf7-submit has-spinner\" type=\"submit\" value=\"SENDEN\" \/>\n\t\t\t<\/p>\n\t\t<\/td>\n\t<\/tr>\n<\/table><div class=\"wpcf7-response-output\" aria-hidden=\"true\"><\/div>\n<\/form>\n<\/div>\n[\/et_pb_code][\/et_pb_column][\/et_pb_row][\/et_pb_section][et_pb_section fb_built=&#8220;1&#8243; fullwidth=&#8220;on&#8220; admin_label=&#8220;Map Section&#8220; _builder_version=&#8220;4.16&#8243; global_colors_info=&#8220;{}&#8220;][et_pb_fullwidth_map address=&#8220;Via Cittiglio, 4, 21014 Laveno-Mombello VA, Italia&#8220; zoom_level=&#8220;15&#8243; address_lat=&#8220;45.8951838&#8243; address_lng=&#8220;8.638244&#8243; mouse_wheel=&#8220;off&#8220; _builder_version=&#8220;4.17.6&#8243; global_colors_info=&#8220;{}&#8220;][et_pb_map_pin pin_address=&#8220;Via Cittiglio, 4, 21014 Laveno-Mombello VA, Italia&#8220; pin_address_lat=&#8220;45.8951838&#8243; pin_address_lng=&#8220;8.638244&#8243; _builder_version=&#8220;4.17.6&#8243; global_colors_info=&#8220;{}&#8220;][\/et_pb_map_pin][\/et_pb_fullwidth_map][\/et_pb_section]<\/p>\n","protected":false},"excerpt":{"rendered":"<p>KONTAKT \u200b21014 &#8211; Laveno Mombello (VA)Stra\u00dfe Cittiglio, 40332 1540514info@recordmacchine.com PEC: recordmacchineutensili@legalmail.itF\u00dcLLEN SIE DAS NACHSTEHENDE FORMULAR AUS UND EINER UNSERER BERATER WIRD SICH SO BALD WIE M\u00d6GLICH MIT IHNEN IN VERBINDUNG SETZEN \u200b\n<div class=\"wpcf7 no-js\" id=\"wpcf7-f27973-o2\" lang=\"de-DE\" dir=\"ltr\">\n<div class=\"screen-reader-response\"><p role=\"status\" aria-live=\"polite\" aria-atomic=\"true\"><\/p> <ul><\/ul><\/div>\n<form action=\"\/de\/wp-json\/wp\/v2\/pages\/27966#wpcf7-f27973-o2\" method=\"post\" class=\"wpcf7-form init\" aria-label=\"Kontaktformular\" novalidate=\"novalidate\" data-status=\"init\">\n<div style=\"display: none;\">\n<input type=\"hidden\" name=\"_wpcf7\" value=\"27973\" \/>\n<input type=\"hidden\" name=\"_wpcf7_version\" value=\"5.8.6\" \/>\n<input type=\"hidden\" name=\"_wpcf7_locale\" value=\"de_DE\" \/>\n<input type=\"hidden\" name=\"_wpcf7_unit_tag\" value=\"wpcf7-f27973-o2\" \/>\n<input type=\"hidden\" name=\"_wpcf7_container_post\" value=\"0\" \/>\n<input type=\"hidden\" name=\"_wpcf7_posted_data_hash\" value=\"\" \/>\n<input type=\"hidden\" name=\"_wpcf7_recaptcha_response\" value=\"\" \/>\n<\/div>\n<table style=\"border:0px;\">\n\t<tr>\n\t\t<td style=\"border:0px; padding:5px 10px\">\n\t\t\t<p><span class=\"wpcf7-form-control-wrap\" data-name=\"NomeCognome\"><input size=\"40\" class=\"wpcf7-form-control wpcf7-text wpcf7-validates-as-required\" aria-required=\"true\" aria-invalid=\"false\" placeholder=\"VORNAME UND NACHNAME\" value=\"\" type=\"text\" name=\"NomeCognome\" \/><\/span>\n\t\t\t<\/p>\n\t\t<\/td>\n\t\t<td style=\"border:0px; padding:5px 10px\">\n\t\t\t<p><span class=\"wpcf7-form-control-wrap\" data-name=\"Azienda\"><input size=\"40\" class=\"wpcf7-form-control wpcf7-text wpcf7-validates-as-required\" aria-required=\"true\" aria-invalid=\"false\" placeholder=\"AZENDA\" value=\"\" type=\"text\" name=\"Azienda\" \/><\/span>\n\t\t\t<\/p>\n\t\t<\/td>\n\t<\/tr>\n\t<tr>\n\t\t<td style=\"border:0px; padding:5px 10px\">\n\t\t\t<p><span class=\"wpcf7-form-control-wrap\" data-name=\"email\"><input size=\"40\" class=\"wpcf7-form-control wpcf7-email wpcf7-validates-as-required wpcf7-text wpcf7-validates-as-email\" aria-required=\"true\" aria-invalid=\"false\" placeholder=\"EMAIL\" value=\"\" type=\"email\" name=\"email\" \/><\/span>\n\t\t\t<\/p>\n\t\t<\/td>\n\t<\/tr>\n\t<tr>\n\t<\/tr>\n<\/table>\n<table>\n\t<td style=\"border:0px; padding:5px 10px\">\n\t\t<p><span style=\"color:#2a3a58; font-family: \"Montserrat\", sans-serif; font-weight: 600; font-size:13px\">ICH BIN INTERESSIERT AN: <\/span><span class=\"wpcf7-form-control-wrap\" data-name=\"Interesse\"><select class=\"wpcf7-form-control wpcf7-select\" aria-invalid=\"false\" multiple=\"multiple\" name=\"Interesse[]\"><option value=\"\">&#8211; Bitte ausw\u00e4hlen &#8211;<\/option><option value=\"GEWINDESCHNEIDMASCHINEN\">GEWINDESCHNEIDMASCHINEN<\/option><option value=\"TRANSFER\">TRANSFER<\/option><option value=\"SPEZIALMASCHINEN\">SPEZIALMASCHINEN<\/option><option value=\"FILTERDECKELMASCHINEN\">FILTERDECKELMASCHINEN<\/option><option value=\"H\u00dcLSEN UND ROHRE\">H\u00dcLSEN UND ROHRE<\/option><option value=\"BEDIENEINHEITEN\">BEDIENEINHEITEN<\/option><\/select><\/span>\n\t\t<\/p>\n\t<\/td>\n<\/table>\n<table width=\"100%\" style=\"border:0px;\">\n\t<tr>\n\t\t<td style=\"border:0px; padding:5px 10px\">\n\t\t\t<p><span class=\"wpcf7-form-control-wrap\" data-name=\"richiesta\"><textarea cols=\"40\" rows=\"10\" class=\"wpcf7-form-control wpcf7-textarea wpcf7-validates-as-required\" aria-required=\"true\" aria-invalid=\"false\" placeholder=\"ANFRAGE\" name=\"richiesta\"><\/textarea><\/span>\n\t\t\t<\/p>\n\t\t<\/td>\n\t<\/tr>\n<\/table>\n<table style=\"border:0px;\">\n\t<tr>\n\t\t<td style=\"border:0px;padding-right:0px;padding-left:0px\">\n\t\t\t<p><span class=\"wpcf7-form-control-wrap\" data-name=\"acceptance-privacy\"><span class=\"wpcf7-form-control wpcf7-acceptance\"><span class=\"wpcf7-list-item\"><input type=\"checkbox\" name=\"acceptance-privacy\" value=\"1\" aria-invalid=\"false\" \/><\/span><\/span><\/span>\n\t\t\t<\/p>\n\t\t<\/td>\n\t\t<td style=\"border:0px;padding-left:0px\">\n\t\t\t<p><span style=\"color:#2a3a58; font-family: \"Montserrat\", sans-serif; font-weight: 600; font-size:13px\">ICH ERKL\u00c4RE, DASS ICH DIE <a href=\"https:\/\/www.iubenda.com\/privacy-policy\/46168873\">DATENSCHUTZBESTIMMUNGEN <\/a><\/span>GELESEN HABE\n\t\t\t<\/p>\n\t\t<\/td>\n\t<\/tr>\n<\/table>\n<table style=\"border:0px;\">\n\t<tr>\n\t\t<td style=\"border:0px;padding:15px 10px\">\n\t\t\t<p><input class=\"wpcf7-form-control wpcf7-submit has-spinner\" type=\"submit\" value=\"SENDEN\" \/>\n\t\t\t<\/p>\n\t\t<\/td>\n\t<\/tr>\n<\/table><div class=\"wpcf7-response-output\" aria-hidden=\"true\"><\/div>\n<\/form>\n<\/div>\n<\/p>\n","protected":false},"author":2,"featured_media":0,"parent":0,"menu_order":0,"comment_status":"closed","ping_status":"closed","template":"","meta":{"_et_pb_use_builder":"on","_et_pb_old_content":"","_et_gb_content_width":"","ngg_post_thumbnail":0,"footnotes":""},"class_list":["post-27966","page","type-page","status-publish","hentry"],"_links":{"self":[{"href":"https:\/\/recordmacchine.com\/de\/wp-json\/wp\/v2\/pages\/27966","targetHints":{"allow":["GET"]}}],"collection":[{"href":"https:\/\/recordmacchine.com\/de\/wp-json\/wp\/v2\/pages"}],"about":[{"href":"https:\/\/recordmacchine.com\/de\/wp-json\/wp\/v2\/types\/page"}],"author":[{"embeddable":true,"href":"https:\/\/recordmacchine.com\/de\/wp-json\/wp\/v2\/users\/2"}],"replies":[{"embeddable":true,"href":"https:\/\/recordmacchine.com\/de\/wp-json\/wp\/v2\/comments?post=27966"}],"version-history":[{"count":4,"href":"https:\/\/recordmacchine.com\/de\/wp-json\/wp\/v2\/pages\/27966\/revisions"}],"predecessor-version":[{"id":27974,"href":"https:\/\/recordmacchine.com\/de\/wp-json\/wp\/v2\/pages\/27966\/revisions\/27974"}],"wp:attachment":[{"href":"https:\/\/recordmacchine.com\/de\/wp-json\/wp\/v2\/media?parent=27966"}],"curies":[{"name":"wp","href":"https:\/\/api.w.org\/{rel}","templated":true}]}}